{"id":9092,"date":"2026-01-13T15:48:48","date_gmt":"2026-01-13T18:48:48","guid":{"rendered":"https:\/\/koria.com.br\/?page_id=9092"},"modified":"2026-04-14T10:20:19","modified_gmt":"2026-04-14T13:20:19","slug":"faq-perguntas-e-respostas","status":"publish","type":"page","link":"https:\/\/koria.com.br\/en\/faq-perguntas-e-respostas\/","title":{"rendered":"FAQ &#8211; Perguntas e Respostas"},"content":{"rendered":"\t\t<div data-elementor-type=\"wp-page\" data-elementor-id=\"9092\" class=\"elementor elementor-9092\" data-elementor-post-type=\"page\">\n\t\t\t\t<div class=\"elementor-element elementor-element-44fbd4e e-flex e-con-boxed e-con e-parent\" data-id=\"44fbd4e\" data-element_type=\"container\" data-e-type=\"container\" data-settings=\"{&quot;background_background&quot;:&quot;classic&quot;,&quot;shape_divider_bottom&quot;:&quot;triangle&quot;,&quot;shape_divider_bottom_negative&quot;:&quot;yes&quot;}\">\n\t\t\t\t\t<div class=\"e-con-inner\">\n\t\t\t\t<div class=\"elementor-shape elementor-shape-bottom\" aria-hidden=\"true\" data-negative=\"true\">\n\t\t\t<svg xmlns=\"http:\/\/www.w3.org\/2000\/svg\" viewBox=\"0 0 1000 100\" preserveAspectRatio=\"none\">\n\t<path class=\"elementor-shape-fill\" d=\"M500.2,94.7L0,0v100h1000V0L500.2,94.7z\"\/>\n<\/svg>\t\t<\/div>\n\t\t\t\t<div class=\"elementor-element elementor-element-157d4d4 elementor-widget elementor-widget-heading\" data-id=\"157d4d4\" data-element_type=\"widget\" data-e-type=\"widget\" data-widget_type=\"heading.default\">\n\t\t\t\t\t<h1 class=\"elementor-heading-title elementor-size-default\">Perguntas Frequentes<\/h1>\t\t\t\t<\/div>\n\t\t\t\t<div class=\"elementor-element elementor-element-2119092 elementor-widget elementor-widget-text-editor\" data-id=\"2119092\" data-element_type=\"widget\" data-e-type=\"widget\" data-widget_type=\"text-editor.default\">\n\t\t\t\t\t\t\t\t\t<p>Respostas r\u00e1pidas para as principais d\u00favidas sobre a Koria, produtos e servi\u00e7os.<\/p>\t\t\t\t\t\t\t\t<\/div>\n\t\t<div class=\"elementor-element elementor-element-92f3d8f e-con-full e-flex elementor-invisible e-con e-child\" data-id=\"92f3d8f\" data-element_type=\"container\" data-e-type=\"container\" data-settings=\"{&quot;background_background&quot;:&quot;classic&quot;,&quot;animation&quot;:&quot;fadeInUp&quot;}\">\n\t\t\t\t<div class=\"elementor-element elementor-element-6f4d4f0 elementor-widget elementor-widget-n-accordion\" data-id=\"6f4d4f0\" data-element_type=\"widget\" data-e-type=\"widget\" data-settings=\"{&quot;default_state&quot;:&quot;expanded&quot;,&quot;max_items_expended&quot;:&quot;one&quot;,&quot;n_accordion_animation_duration&quot;:{&quot;unit&quot;:&quot;ms&quot;,&quot;size&quot;:400,&quot;sizes&quot;:[]}}\" data-widget_type=\"nested-accordion.default\">\n\t\t\t\t\t\t\t<div class=\"e-n-accordion\" aria-label=\"Accordion. Open links with Enter or Space, close with Escape, and navigate with Arrow Keys\">\n\t\t\t\t\t\t<details id=\"e-n-accordion-item-1160\" class=\"e-n-accordion-item\" open>\n\t\t\t\t<summary class=\"e-n-accordion-item-title\" data-accordion-index=\"1\" tabindex=\"0\" aria-expanded=\"true\" aria-controls=\"e-n-accordion-item-1160\" >\n\t\t\t\t\t<span class='e-n-accordion-item-title-header'><div class=\"e-n-accordion-item-title-text\"> 1 - O que \u00e9 a Koria? <\/div><\/span>\n\t\t\t\t\t\t\t<span class='e-n-accordion-item-title-icon'>\n\t\t\t<span class='e-opened' ><svg aria-hidden=\"true\" class=\"e-font-icon-svg e-fas-minus\" viewBox=\"0 0 448 512\" xmlns=\"http:\/\/www.w3.org\/2000\/svg\"><path d=\"M416 208H32c-17.67 0-32 14.33-32 32v32c0 17.67 14.33 32 32 32h384c17.67 0 32-14.33 32-32v-32c0-17.67-14.33-32-32-32z\"><\/path><\/svg><\/span>\n\t\t\t<span class='e-closed'><svg aria-hidden=\"true\" class=\"e-font-icon-svg e-fas-plus\" viewBox=\"0 0 448 512\" xmlns=\"http:\/\/www.w3.org\/2000\/svg\"><path d=\"M416 208H272V64c0-17.67-14.33-32-32-32h-32c-17.67 0-32 14.33-32 32v144H32c-17.67 0-32 14.33-32 32v32c0 17.67 14.33 32 32 32h144v144c0 17.67 14.33 32 32 32h32c17.67 0 32-14.33 32-32V304h144c17.67 0 32-14.33 32-32v-32c0-17.67-14.33-32-32-32z\"><\/path><\/svg><\/span>\n\t\t<\/span>\n\n\t\t\t\t\t\t<\/summary>\n\t\t\t\t<div role=\"region\" aria-labelledby=\"e-n-accordion-item-1160\" class=\"elementor-element elementor-element-741d870 e-con-full e-flex e-con e-child\" data-id=\"741d870\" data-element_type=\"container\" data-e-type=\"container\">\n\t\t\t\t<div class=\"elementor-element elementor-element-0e64203 elementor-widget elementor-widget-text-editor\" data-id=\"0e64203\" data-element_type=\"widget\" data-e-type=\"widget\" data-widget_type=\"text-editor.default\">\n\t\t\t\t\t\t\t\t\t<p>A Koria \u00e9 uma empresa com mais de 30 anos de experi\u00eancia no mercado da pintura industrial, especializada em solu\u00e7\u00f5es para processos de tratamento e pintura de superf\u00edcies. Resultado da uni\u00e3o das marcas Aspersul, Arpi, Orange e Arply, a Koria atua em todo o Brasil com sede em Caxias do Sul\/RS e filial em Araras\/SP.<\/p>\t\t\t\t\t\t\t\t<\/div>\n\t\t\t\t<\/div>\n\t\t\t\t\t<\/details>\n\t\t\t\t\t\t<details id=\"e-n-accordion-item-1161\" class=\"e-n-accordion-item\" >\n\t\t\t\t<summary class=\"e-n-accordion-item-title\" data-accordion-index=\"2\" tabindex=\"-1\" aria-expanded=\"false\" aria-controls=\"e-n-accordion-item-1161\" >\n\t\t\t\t\t<span class='e-n-accordion-item-title-header'><div class=\"e-n-accordion-item-title-text\"> 2 - Quais solu\u00e7\u00f5es ela oferece? <\/div><\/span>\n\t\t\t\t\t\t\t<span class='e-n-accordion-item-title-icon'>\n\t\t\t<span class='e-opened' ><svg aria-hidden=\"true\" class=\"e-font-icon-svg e-fas-minus\" viewBox=\"0 0 448 512\" xmlns=\"http:\/\/www.w3.org\/2000\/svg\"><path d=\"M416 208H32c-17.67 0-32 14.33-32 32v32c0 17.67 14.33 32 32 32h384c17.67 0 32-14.33 32-32v-32c0-17.67-14.33-32-32-32z\"><\/path><\/svg><\/span>\n\t\t\t<span class='e-closed'><svg aria-hidden=\"true\" class=\"e-font-icon-svg e-fas-plus\" viewBox=\"0 0 448 512\" xmlns=\"http:\/\/www.w3.org\/2000\/svg\"><path d=\"M416 208H272V64c0-17.67-14.33-32-32-32h-32c-17.67 0-32 14.33-32 32v144H32c-17.67 0-32 14.33-32 32v32c0 17.67 14.33 32 32 32h144v144c0 17.67 14.33 32 32 32h32c17.67 0 32-14.33 32-32V304h144c17.67 0 32-14.33 32-32v-32c0-17.67-14.33-32-32-32z\"><\/path><\/svg><\/span>\n\t\t<\/span>\n\n\t\t\t\t\t\t<\/summary>\n\t\t\t\t<div role=\"region\" aria-labelledby=\"e-n-accordion-item-1161\" class=\"elementor-element elementor-element-5ec9589 e-con-full e-flex e-con e-child\" data-id=\"5ec9589\" data-element_type=\"container\" data-e-type=\"container\">\n\t\t\t\t<div class=\"elementor-element elementor-element-049d07f elementor-widget elementor-widget-text-editor\" data-id=\"049d07f\" data-element_type=\"widget\" data-e-type=\"widget\" data-widget_type=\"text-editor.default\">\n\t\t\t\t\t\t\t\t\t<p>A Koria \u00e9 especialista em solu\u00e7\u00f5es para prepara\u00e7\u00e3o e pintura de metais, madeiras, pl\u00e1sticos e repara\u00e7\u00e3o automotiva. Nosso portf\u00f3lio abrange desde a comercializa\u00e7\u00e3o de cabines e equipamentos de alta tecnologia at\u00e9 uma linha completa de acess\u00f3rios, pistolas, tanques, EPIs e filtros. Al\u00e9m de pe\u00e7as de reposi\u00e7\u00e3o, oferecemos servi\u00e7os especializados de manuten\u00e7\u00e3o e consultoria para a otimiza\u00e7\u00e3o e monitoramento do processos de prepara\u00e7\u00e3o e pintura.<\/p>\t\t\t\t\t\t\t\t<\/div>\n\t\t\t\t<\/div>\n\t\t\t\t\t<\/details>\n\t\t\t\t\t\t<details id=\"e-n-accordion-item-1162\" class=\"e-n-accordion-item\" >\n\t\t\t\t<summary class=\"e-n-accordion-item-title\" data-accordion-index=\"3\" tabindex=\"-1\" aria-expanded=\"false\" aria-controls=\"e-n-accordion-item-1162\" >\n\t\t\t\t\t<span class='e-n-accordion-item-title-header'><div class=\"e-n-accordion-item-title-text\"> 3 - Com quais parceiras mundiais a Koria trabalha? <\/div><\/span>\n\t\t\t\t\t\t\t<span class='e-n-accordion-item-title-icon'>\n\t\t\t<span class='e-opened' ><svg aria-hidden=\"true\" class=\"e-font-icon-svg e-fas-minus\" viewBox=\"0 0 448 512\" xmlns=\"http:\/\/www.w3.org\/2000\/svg\"><path d=\"M416 208H32c-17.67 0-32 14.33-32 32v32c0 17.67 14.33 32 32 32h384c17.67 0 32-14.33 32-32v-32c0-17.67-14.33-32-32-32z\"><\/path><\/svg><\/span>\n\t\t\t<span class='e-closed'><svg aria-hidden=\"true\" class=\"e-font-icon-svg e-fas-plus\" viewBox=\"0 0 448 512\" xmlns=\"http:\/\/www.w3.org\/2000\/svg\"><path d=\"M416 208H272V64c0-17.67-14.33-32-32-32h-32c-17.67 0-32 14.33-32 32v144H32c-17.67 0-32 14.33-32 32v32c0 17.67 14.33 32 32 32h144v144c0 17.67 14.33 32 32 32h32c17.67 0 32-14.33 32-32V304h144c17.67 0 32-14.33 32-32v-32c0-17.67-14.33-32-32-32z\"><\/path><\/svg><\/span>\n\t\t<\/span>\n\n\t\t\t\t\t\t<\/summary>\n\t\t\t\t<div role=\"region\" aria-labelledby=\"e-n-accordion-item-1162\" class=\"elementor-element elementor-element-1b12a55 e-con-full e-flex e-con e-child\" data-id=\"1b12a55\" data-element_type=\"container\" data-e-type=\"container\">\n\t\t\t\t<div class=\"elementor-element elementor-element-907753f elementor-widget elementor-widget-text-editor\" data-id=\"907753f\" data-element_type=\"widget\" data-e-type=\"widget\" data-widget_type=\"text-editor.default\">\n\t\t\t\t\t\t\t\t\t<p>Al\u00e9m de produtos de desenvolvimento pr\u00f3prio, a Koria ainda trabalha com algumas marcas parceiras, como Sames, Flexbimec, Kluthe, GME Robotics, Kromavis, e Strong.<\/p>\t\t\t\t\t\t\t\t<\/div>\n\t\t\t\t<\/div>\n\t\t\t\t\t<\/details>\n\t\t\t\t\t\t<details id=\"e-n-accordion-item-1163\" class=\"e-n-accordion-item\" >\n\t\t\t\t<summary class=\"e-n-accordion-item-title\" data-accordion-index=\"4\" tabindex=\"-1\" aria-expanded=\"false\" aria-controls=\"e-n-accordion-item-1163\" >\n\t\t\t\t\t<span class='e-n-accordion-item-title-header'><div class=\"e-n-accordion-item-title-text\"> 4 - Quais setores ou segmentos a Koria atende? <\/div><\/span>\n\t\t\t\t\t\t\t<span class='e-n-accordion-item-title-icon'>\n\t\t\t<span class='e-opened' ><svg aria-hidden=\"true\" class=\"e-font-icon-svg e-fas-minus\" viewBox=\"0 0 448 512\" xmlns=\"http:\/\/www.w3.org\/2000\/svg\"><path d=\"M416 208H32c-17.67 0-32 14.33-32 32v32c0 17.67 14.33 32 32 32h384c17.67 0 32-14.33 32-32v-32c0-17.67-14.33-32-32-32z\"><\/path><\/svg><\/span>\n\t\t\t<span class='e-closed'><svg aria-hidden=\"true\" class=\"e-font-icon-svg e-fas-plus\" viewBox=\"0 0 448 512\" xmlns=\"http:\/\/www.w3.org\/2000\/svg\"><path d=\"M416 208H272V64c0-17.67-14.33-32-32-32h-32c-17.67 0-32 14.33-32 32v144H32c-17.67 0-32 14.33-32 32v32c0 17.67 14.33 32 32 32h144v144c0 17.67 14.33 32 32 32h32c17.67 0 32-14.33 32-32V304h144c17.67 0 32-14.33 32-32v-32c0-17.67-14.33-32-32-32z\"><\/path><\/svg><\/span>\n\t\t<\/span>\n\n\t\t\t\t\t\t<\/summary>\n\t\t\t\t<div role=\"region\" aria-labelledby=\"e-n-accordion-item-1163\" class=\"elementor-element elementor-element-f2893b3 e-con-full e-flex e-con e-child\" data-id=\"f2893b3\" data-element_type=\"container\" data-e-type=\"container\">\n\t\t\t\t<div class=\"elementor-element elementor-element-75fcc0c elementor-widget elementor-widget-text-editor\" data-id=\"75fcc0c\" data-element_type=\"widget\" data-e-type=\"widget\" data-widget_type=\"text-editor.default\">\n\t\t\t\t\t\t\t\t\t<p>A Koria \u00e9 refer\u00eancia em solu\u00e7\u00f5es especializadas em pintura, atuando em m\u00faltiplos setores com produtos e servi\u00e7os personalizados. Est\u00e1 presente nos setores de repintura automotiva, ind\u00fastria do pl\u00e1stico, naval, moveleiro, metal mec\u00e2nico, avia\u00e7\u00e3o, offshore e agr\u00edcola.<\/p>\t\t\t\t\t\t\t\t<\/div>\n\t\t\t\t<\/div>\n\t\t\t\t\t<\/details>\n\t\t\t\t\t\t<details id=\"e-n-accordion-item-1164\" class=\"e-n-accordion-item\" >\n\t\t\t\t<summary class=\"e-n-accordion-item-title\" data-accordion-index=\"5\" tabindex=\"-1\" aria-expanded=\"false\" aria-controls=\"e-n-accordion-item-1164\" >\n\t\t\t\t\t<span class='e-n-accordion-item-title-header'><div class=\"e-n-accordion-item-title-text\"> 5 - A Koria realiza montagem e instala\u00e7\u00e3o dos equipamentos? <\/div><\/span>\n\t\t\t\t\t\t\t<span class='e-n-accordion-item-title-icon'>\n\t\t\t<span class='e-opened' ><svg aria-hidden=\"true\" class=\"e-font-icon-svg e-fas-minus\" viewBox=\"0 0 448 512\" xmlns=\"http:\/\/www.w3.org\/2000\/svg\"><path d=\"M416 208H32c-17.67 0-32 14.33-32 32v32c0 17.67 14.33 32 32 32h384c17.67 0 32-14.33 32-32v-32c0-17.67-14.33-32-32-32z\"><\/path><\/svg><\/span>\n\t\t\t<span class='e-closed'><svg aria-hidden=\"true\" class=\"e-font-icon-svg e-fas-plus\" viewBox=\"0 0 448 512\" xmlns=\"http:\/\/www.w3.org\/2000\/svg\"><path d=\"M416 208H272V64c0-17.67-14.33-32-32-32h-32c-17.67 0-32 14.33-32 32v144H32c-17.67 0-32 14.33-32 32v32c0 17.67 14.33 32 32 32h144v144c0 17.67 14.33 32 32 32h32c17.67 0 32-14.33 32-32V304h144c17.67 0 32-14.33 32-32v-32c0-17.67-14.33-32-32-32z\"><\/path><\/svg><\/span>\n\t\t<\/span>\n\n\t\t\t\t\t\t<\/summary>\n\t\t\t\t<div role=\"region\" aria-labelledby=\"e-n-accordion-item-1164\" class=\"elementor-element elementor-element-e6ca30c e-con-full e-flex e-con e-child\" data-id=\"e6ca30c\" data-element_type=\"container\" data-e-type=\"container\">\n\t\t\t\t<div class=\"elementor-element elementor-element-2a2177d elementor-widget elementor-widget-text-editor\" data-id=\"2a2177d\" data-element_type=\"widget\" data-e-type=\"widget\" data-widget_type=\"text-editor.default\">\n\t\t\t\t\t\t\t\t\t<p>Sim, a empresa oferece suporte completo para instala\u00e7\u00e3o e configura\u00e7\u00e3o de m\u00e1quinas e equipamentos, assim como treinamento operacional para as equipes dos clientes.<\/p>\t\t\t\t\t\t\t\t<\/div>\n\t\t\t\t<\/div>\n\t\t\t\t\t<\/details>\n\t\t\t\t\t\t<details id=\"e-n-accordion-item-1165\" class=\"e-n-accordion-item\" >\n\t\t\t\t<summary class=\"e-n-accordion-item-title\" data-accordion-index=\"6\" tabindex=\"-1\" aria-expanded=\"false\" aria-controls=\"e-n-accordion-item-1165\" >\n\t\t\t\t\t<span class='e-n-accordion-item-title-header'><div class=\"e-n-accordion-item-title-text\"> 6 - Como fa\u00e7o para me tornar um distribuidor\/revendedor de produtos Koria na minha loja f\u00edsica? <\/div><\/span>\n\t\t\t\t\t\t\t<span class='e-n-accordion-item-title-icon'>\n\t\t\t<span class='e-opened' ><svg aria-hidden=\"true\" class=\"e-font-icon-svg e-fas-minus\" viewBox=\"0 0 448 512\" xmlns=\"http:\/\/www.w3.org\/2000\/svg\"><path d=\"M416 208H32c-17.67 0-32 14.33-32 32v32c0 17.67 14.33 32 32 32h384c17.67 0 32-14.33 32-32v-32c0-17.67-14.33-32-32-32z\"><\/path><\/svg><\/span>\n\t\t\t<span class='e-closed'><svg aria-hidden=\"true\" class=\"e-font-icon-svg e-fas-plus\" viewBox=\"0 0 448 512\" xmlns=\"http:\/\/www.w3.org\/2000\/svg\"><path d=\"M416 208H272V64c0-17.67-14.33-32-32-32h-32c-17.67 0-32 14.33-32 32v144H32c-17.67 0-32 14.33-32 32v32c0 17.67 14.33 32 32 32h144v144c0 17.67 14.33 32 32 32h32c17.67 0 32-14.33 32-32V304h144c17.67 0 32-14.33 32-32v-32c0-17.67-14.33-32-32-32z\"><\/path><\/svg><\/span>\n\t\t<\/span>\n\n\t\t\t\t\t\t<\/summary>\n\t\t\t\t<div role=\"region\" aria-labelledby=\"e-n-accordion-item-1165\" class=\"elementor-element elementor-element-7570c88 e-con-full e-flex e-con e-child\" data-id=\"7570c88\" data-element_type=\"container\" data-e-type=\"container\">\n\t\t\t\t<div class=\"elementor-element elementor-element-888dbc2 elementor-widget elementor-widget-text-editor\" data-id=\"888dbc2\" data-element_type=\"widget\" data-e-type=\"widget\" data-widget_type=\"text-editor.default\">\n\t\t\t\t\t\t\t\t\t<p>Se voc\u00ea \u00e9 lojista do setor de tintas, pode revender a linha Tudo Para Pintar by Koria! Basta enviar uma mensagem para o e-mail contato@koria.com.br manifestando seu interesse.<\/p>\t\t\t\t\t\t\t\t<\/div>\n\t\t\t\t<\/div>\n\t\t\t\t\t<\/details>\n\t\t\t\t\t\t<details id=\"e-n-accordion-item-1166\" class=\"e-n-accordion-item\" >\n\t\t\t\t<summary class=\"e-n-accordion-item-title\" data-accordion-index=\"7\" tabindex=\"-1\" aria-expanded=\"false\" aria-controls=\"e-n-accordion-item-1166\" >\n\t\t\t\t\t<span class='e-n-accordion-item-title-header'><div class=\"e-n-accordion-item-title-text\"> 7 - Como posso solicitar um or\u00e7amento para produtos da Koria? <\/div><\/span>\n\t\t\t\t\t\t\t<span class='e-n-accordion-item-title-icon'>\n\t\t\t<span class='e-opened' ><svg aria-hidden=\"true\" class=\"e-font-icon-svg e-fas-minus\" viewBox=\"0 0 448 512\" xmlns=\"http:\/\/www.w3.org\/2000\/svg\"><path d=\"M416 208H32c-17.67 0-32 14.33-32 32v32c0 17.67 14.33 32 32 32h384c17.67 0 32-14.33 32-32v-32c0-17.67-14.33-32-32-32z\"><\/path><\/svg><\/span>\n\t\t\t<span class='e-closed'><svg aria-hidden=\"true\" class=\"e-font-icon-svg e-fas-plus\" viewBox=\"0 0 448 512\" xmlns=\"http:\/\/www.w3.org\/2000\/svg\"><path d=\"M416 208H272V64c0-17.67-14.33-32-32-32h-32c-17.67 0-32 14.33-32 32v144H32c-17.67 0-32 14.33-32 32v32c0 17.67 14.33 32 32 32h144v144c0 17.67 14.33 32 32 32h32c17.67 0 32-14.33 32-32V304h144c17.67 0 32-14.33 32-32v-32c0-17.67-14.33-32-32-32z\"><\/path><\/svg><\/span>\n\t\t<\/span>\n\n\t\t\t\t\t\t<\/summary>\n\t\t\t\t<div role=\"region\" aria-labelledby=\"e-n-accordion-item-1166\" class=\"elementor-element elementor-element-b10a7cd e-con-full e-flex e-con e-child\" data-id=\"b10a7cd\" data-element_type=\"container\" data-e-type=\"container\">\n\t\t\t\t<div class=\"elementor-element elementor-element-1a8f4ca elementor-widget elementor-widget-text-editor\" data-id=\"1a8f4ca\" data-element_type=\"widget\" data-e-type=\"widget\" data-widget_type=\"text-editor.default\">\n\t\t\t\t\t\t\t\t\t<p>Basta acessar o formul\u00e1rio aqui no site, na aba &#8220;contato&#8221; ou enviar uma mensagem via whatsapp para receber uma proposta personalizada para sua empresa ap\u00f3s avalia\u00e7\u00e3o t\u00e9cnica.<\/p>\t\t\t\t\t\t\t\t<\/div>\n\t\t\t\t<\/div>\n\t\t\t\t\t<\/details>\n\t\t\t\t\t<\/div>\n\t\t\t\t\t<script type=\"application\/ld+json\">{\"@context\":\"https:\\\/\\\/schema.org\",\"@type\":\"FAQPage\",\"mainEntity\":[{\"@type\":\"Question\",\"name\":\"1 - O que \\u00e9 a Koria?\",\"acceptedAnswer\":{\"@type\":\"Answer\",\"text\":\"A Koria \\u00e9 uma empresa com mais de 30 anos de experi\\u00eancia no mercado da pintura industrial, especializada em solu\\u00e7\\u00f5es para processos de tratamento e pintura de superf\\u00edcies. Resultado da uni\\u00e3o das marcas Aspersul, Arpi, Orange e Arply, a Koria atua em todo o Brasil com sede em Caxias do Sul\\\/RS e filial em Araras\\\/SP.\"}},{\"@type\":\"Question\",\"name\":\"2 - Quais solu\\u00e7\\u00f5es ela oferece?\",\"acceptedAnswer\":{\"@type\":\"Answer\",\"text\":\"A Koria \\u00e9 especialista em solu\\u00e7\\u00f5es para prepara\\u00e7\\u00e3o e pintura de metais, madeiras, pl\\u00e1sticos e repara\\u00e7\\u00e3o automotiva. Nosso portf\\u00f3lio abrange desde a comercializa\\u00e7\\u00e3o de cabines e equipamentos de alta tecnologia at\\u00e9 uma linha completa de acess\\u00f3rios, pistolas, tanques, EPIs e filtros. Al\\u00e9m de pe\\u00e7as de reposi\\u00e7\\u00e3o, oferecemos servi\\u00e7os especializados de manuten\\u00e7\\u00e3o e consultoria para a otimiza\\u00e7\\u00e3o e monitoramento do processos de prepara\\u00e7\\u00e3o e pintura.\"}},{\"@type\":\"Question\",\"name\":\"3 - Com quais parceiras mundiais a Koria trabalha?\",\"acceptedAnswer\":{\"@type\":\"Answer\",\"text\":\"Al\\u00e9m de produtos de desenvolvimento pr\\u00f3prio, a Koria ainda trabalha com algumas marcas parceiras, como Sames, Flexbimec, Kluthe, GME Robotics, Kromavis, e Strong.\"}},{\"@type\":\"Question\",\"name\":\"4 - Quais setores ou segmentos a Koria atende?\",\"acceptedAnswer\":{\"@type\":\"Answer\",\"text\":\"A Koria \\u00e9 refer\\u00eancia em solu\\u00e7\\u00f5es especializadas em pintura, atuando em m\\u00faltiplos setores com produtos e servi\\u00e7os personalizados. Est\\u00e1 presente nos setores de repintura automotiva, ind\\u00fastria do pl\\u00e1stico, naval, moveleiro, metal mec\\u00e2nico, avia\\u00e7\\u00e3o, offshore e agr\\u00edcola.\"}},{\"@type\":\"Question\",\"name\":\"5 - A Koria realiza montagem e instala\\u00e7\\u00e3o dos equipamentos?\",\"acceptedAnswer\":{\"@type\":\"Answer\",\"text\":\"Sim, a empresa oferece suporte completo para instala\\u00e7\\u00e3o e configura\\u00e7\\u00e3o de m\\u00e1quinas e equipamentos, assim como treinamento operacional para as equipes dos clientes.\"}},{\"@type\":\"Question\",\"name\":\"6 - Como fa\\u00e7o para me tornar um distribuidor\\\/revendedor de produtos Koria na minha loja f\\u00edsica?\",\"acceptedAnswer\":{\"@type\":\"Answer\",\"text\":\"Se voc\\u00ea \\u00e9 lojista do setor de tintas, pode revender a linha Tudo Para Pintar by Koria! Basta enviar uma mensagem para o e-mail contato@koria.com.br manifestando seu interesse.\"}},{\"@type\":\"Question\",\"name\":\"7 - Como posso solicitar um or\\u00e7amento para produtos da Koria?\",\"acceptedAnswer\":{\"@type\":\"Answer\",\"text\":\"Basta acessar o formul\\u00e1rio aqui no site, na aba &#8220;contato&#8221; ou enviar uma mensagem via whatsapp para receber uma proposta personalizada para sua empresa ap\\u00f3s avalia\\u00e7\\u00e3o t\\u00e9cnica.\"}}]}<\/script>\n\t\t\t\t\t\t\t<\/div>\n\t\t\t\t<\/div>\n\t\t\t\t\t<\/div>\n\t\t\t\t<\/div>\n\t\t<div class=\"elementor-element elementor-element-61dcf06 e-flex e-con-boxed e-con e-parent\" data-id=\"61dcf06\" data-element_type=\"container\" data-e-type=\"container\" data-settings=\"{&quot;background_background&quot;:&quot;classic&quot;}\">\n\t\t\t\t\t<div class=\"e-con-inner\">\n\t\t\t\t\t<\/div>\n\t\t\t\t<\/div>\n\t\t\t\t<\/div>\n\t\t","protected":false},"excerpt":{"rendered":"<p>Perguntas Frequentes Respostas r\u00e1pidas para as principais d\u00favidas sobre a Koria, produtos e servi\u00e7os. 1 &#8211; O que \u00e9 a Koria? A Koria \u00e9 uma empresa com mais de 30 anos de experi\u00eancia no mercado da pintura industrial, especializada em solu\u00e7\u00f5es para processos de tratamento e pintura de superf\u00edcies. Resultado da uni\u00e3o das marcas Aspersul, [&hellip;]<\/p>\n","protected":false},"author":1,"featured_media":0,"parent":0,"menu_order":0,"comment_status":"closed","ping_status":"closed","template":"","meta":{"_acf_changed":false,"inline_featured_image":false,"footnotes":""},"class_list":["post-9092","page","type-page","status-publish","hentry"],"acf":[],"_links":{"self":[{"href":"https:\/\/koria.com.br\/en\/wp-json\/wp\/v2\/pages\/9092","targetHints":{"allow":["GET"]}}],"collection":[{"href":"https:\/\/koria.com.br\/en\/wp-json\/wp\/v2\/pages"}],"about":[{"href":"https:\/\/koria.com.br\/en\/wp-json\/wp\/v2\/types\/page"}],"author":[{"embeddable":true,"href":"https:\/\/koria.com.br\/en\/wp-json\/wp\/v2\/users\/1"}],"replies":[{"embeddable":true,"href":"https:\/\/koria.com.br\/en\/wp-json\/wp\/v2\/comments?post=9092"}],"version-history":[{"count":5,"href":"https:\/\/koria.com.br\/en\/wp-json\/wp\/v2\/pages\/9092\/revisions"}],"predecessor-version":[{"id":9404,"href":"https:\/\/koria.com.br\/en\/wp-json\/wp\/v2\/pages\/9092\/revisions\/9404"}],"wp:attachment":[{"href":"https:\/\/koria.com.br\/en\/wp-json\/wp\/v2\/media?parent=9092"}],"curies":[{"name":"wp","href":"https:\/\/api.w.org\/{rel}","templated":true}]}}